{"id":251,"date":"2015-12-06T14:31:03","date_gmt":"2015-12-06T14:31:03","guid":{"rendered":"http:\/\/kapitaenmullebutz.lu\/?page_id=251"},"modified":"2022-12-25T16:44:11","modified_gmt":"2022-12-25T16:44:11","slug":"sangen","status":"publish","type":"page","link":"http:\/\/kapitaenmullebutz.lu\/?page_id=251","title":{"rendered":"Matsangen"},"content":{"rendered":"<p style=\"text-align: left;\">W\u00ebllt Dir g\u00e4re mam Kapit\u00e4n sangen? Awer dir kennt d&#8217;Wierder net? Keng Panik, hei stinn e puer Texter vun eise Lidder.<a href=\"http:\/\/kapitaenmullebutz.lu\/wp-content\/uploads\/2015\/12\/mullebutz_stroossen420-\u00a9-Arend-Herold.jpg\"><img loading=\"lazy\" decoding=\"async\" class=\"wp-image-229 aligncenter\" src=\"http:\/\/kapitaenmullebutz.lu\/wp-content\/uploads\/2015\/12\/mullebutz_stroossen420-\u00a9-Arend-Herold-300x200.jpg\" alt=\"mullebutz_stroossen420 \u00a9 Arend Herold\" width=\"322\" height=\"218\" \/><\/a><strong>M\u00c4NNER MAT BAART<\/strong> <span style=\"color: #999999;\">\u00a0(l\u00ebtz. T: D.Tanson \/ M: trad.)<\/span><\/p>\n<h6 style=\"text-align: left;\">Wann s de w\u00eblls op d\u2019Mier raus fueren muss d\u2019e Mann mat Baart sinn<\/h6>\n<h6 style=\"text-align: left;\"><em>De Jang, de Robi an de Pit, d\u00e9i hunn e Baart, jo d\u00e9i hunn e Baart<\/em><\/h6>\n<h6 style=\"text-align: left;\"><em>De Jang, de Robi an de Pit, d\u00e9i hunn e Baart, d\u00e9i d\u00e4erfe mat<\/em><\/h6>\n<h6 style=\"text-align: left;\">W\u00eblls de mat eis e Walross f\u00e4nken, muss d\u2019e Mann mat Baart sinn<\/h6>\n<h6 style=\"text-align: left;\">W\u00eblls de ranz\u2019jen Zwiback iessen, muss d\u2019e Mann mat Baart sinn<\/h6>\n<h6 style=\"text-align: left;\">W\u00eblls de mat eis eng grouss P\u00e4if f\u00ebmmen, muss d\u2019e Mann mat Baart sinn<\/h6>\n<h6 style=\"text-align: left;\">Wann s de W\u00e4in an Dr\u00ebppe g\u00e4r hues, muss d\u2019e Mann mat Baart sinn<\/h6>\n<h6 style=\"text-align: left;\"><a href=\"http:\/\/kapitaenmullebutz.lu\/wp-content\/uploads\/2015\/12\/mullebutz_stroossen473-\u00a9-Arend-Herold.jpg\"><img loading=\"lazy\" decoding=\"async\" class=\"wp-image-230 aligncenter\" src=\"http:\/\/kapitaenmullebutz.lu\/wp-content\/uploads\/2015\/12\/mullebutz_stroossen473-\u00a9-Arend-Herold-300x200.jpg\" alt=\"mullebutz_stroossen473 \u00a9 Arend Herold\" width=\"262\" height=\"177\" \/><\/a><strong>O M\u00c4I P\u00c4ERDCHEN <\/strong><span style=\"color: #999999;\">\u00a0(l\u00ebtz. T: D.Tanson \/ M: trad.)<\/span><\/h6>\n<h6>O m\u00e4i P\u00e4erdchen, l\u00e9ift klengt P\u00e4erdchen, hues e sch\u00e9ine w\u00e4isse Schwanz<\/h6>\n<h6>an e Rimm mat eise Kn\u00e4pp, ech w\u00ebll reiden, bass de prett<\/h6>\n<h6>O deng A si schwaarz a gr\u00e9ng, d\u00e4i Pelz sou sch\u00e9i w\u00e9i Schokela<\/h6>\n<h6>e schwaarze Fleck riicht op der Schnuff an deng M\u00e4en, d\u00e9i ass aus Gold.<\/h6>\n<h6>O m\u00e4i P\u00e4erdchen, l\u00e9ift klengt P\u00e4erdchen, hues du deng Mamma och sou g\u00e4r<\/h6>\n<h6 style=\"text-align: left;\">br\u00e9ngs du hir e Bouquet Blummen, g\u00ebss du hir en d\u00e9cke Kuss.<\/h6>\n<p style=\"text-align: center;\"><img loading=\"lazy\" decoding=\"async\" class=\"size-medium wp-image-476 aligncenter\" src=\"http:\/\/kapitaenmullebutz.lu\/wp-content\/uploads\/2016\/12\/24-\u00a9-MullebutzS\u00e9bastien-Gr\u00e9bille-300x177.jpg\" alt=\"24-mullebutzsebastien-grebille\" width=\"300\" height=\"177\" srcset=\"http:\/\/kapitaenmullebutz.lu\/wp-content\/uploads\/2016\/12\/24-\u00a9-MullebutzS\u00e9bastien-Gr\u00e9bille-300x177.jpg 300w, http:\/\/kapitaenmullebutz.lu\/wp-content\/uploads\/2016\/12\/24-\u00a9-MullebutzS\u00e9bastien-Gr\u00e9bille-768x452.jpg 768w, http:\/\/kapitaenmullebutz.lu\/wp-content\/uploads\/2016\/12\/24-\u00a9-MullebutzS\u00e9bastien-Gr\u00e9bille-1024x603.jpg 1024w, http:\/\/kapitaenmullebutz.lu\/wp-content\/uploads\/2016\/12\/24-\u00a9-MullebutzS\u00e9bastien-Gr\u00e9bille-500x294.jpg 500w\" sizes=\"auto, (max-width: 300px) 100vw, 300px\" \/><\/p>\n<p style=\"text-align: left;\"><strong>ROUTK\u00c4PPCHEN<\/strong> <span style=\"color: #999999;\">\u00a0(l\u00ebtz.T: D.Tanson \/ M: trad.)<\/span><\/p>\n<h6>So, Routk\u00e4ppchen wou gees de hin, sou eleng, sou eleng?<\/h6>\n<h6>So, Routk\u00e4ppchen wou gees du hin sou eleng?<\/h6>\n<h6>\u2018ch gi bei d\u2019Boma e Kuch br\u00e9ngen, duerch de B\u00ebsch, duerch de B\u00ebsch<\/h6>\n<h6>\u2018ch gi bei d\u2019Boma e Kuch br\u00e9ngen duerch de B\u00ebsch.<\/h6>\n<h6>Hei am B\u00ebsch do si w\u00ebll D\u00e9i\u2019ren, hei am B\u00ebsch,<\/h6>\n<h6>hei am B\u00ebsch, hei am B\u00ebsch do si w\u00ebll D\u00e9i\u2019ren, hei am B\u00ebsch<\/h6>\n<h6>\u2018ch hu keng Angscht v\u2019run de w\u00ebllen D\u00e9i\u2019ren, \u2018ch hu keng Angscht, \u2018ch hu keng Angscht<\/h6>\n<h6>\u2018ch hu keng Angscht v\u2019run de w\u00ebllen D\u00e9i\u2019ren, hei am B\u00ebsch<\/h6>\n","protected":false},"excerpt":{"rendered":"<p>W\u00ebllt Dir g\u00e4re mam Kapit\u00e4n sangen? Awer dir kennt d&#8217;Wierder net? Keng Panik, hei stinn e puer Texter vun eise Lidder.M\u00c4NNER MAT BAART \u00a0(l\u00ebtz. T: D.Tanson \/ M: trad.) Wann s de w\u00eblls op d\u2019Mier raus fueren muss d\u2019e Mann &hellip; <a href=\"http:\/\/kapitaenmullebutz.lu\/?page_id=251\">Weiterlesen <span class=\"meta-nav\">&rarr;<\/span><\/a><\/p>\n","protected":false},"author":1,"featured_media":0,"parent":0,"menu_order":0,"comment_status":"closed","ping_status":"closed","template":"","meta":{"footnotes":""},"class_list":["post-251","page","type-page","status-publish","hentry"],"_links":{"self":[{"href":"http:\/\/kapitaenmullebutz.lu\/index.php?rest_route=\/wp\/v2\/pages\/251","targetHints":{"allow":["GET"]}}],"collection":[{"href":"http:\/\/kapitaenmullebutz.lu\/index.php?rest_route=\/wp\/v2\/pages"}],"about":[{"href":"http:\/\/kapitaenmullebutz.lu\/index.php?rest_route=\/wp\/v2\/types\/page"}],"author":[{"embeddable":true,"href":"http:\/\/kapitaenmullebutz.lu\/index.php?rest_route=\/wp\/v2\/users\/1"}],"replies":[{"embeddable":true,"href":"http:\/\/kapitaenmullebutz.lu\/index.php?rest_route=%2Fwp%2Fv2%2Fcomments&post=251"}],"version-history":[{"count":12,"href":"http:\/\/kapitaenmullebutz.lu\/index.php?rest_route=\/wp\/v2\/pages\/251\/revisions"}],"predecessor-version":[{"id":1684,"href":"http:\/\/kapitaenmullebutz.lu\/index.php?rest_route=\/wp\/v2\/pages\/251\/revisions\/1684"}],"wp:attachment":[{"href":"http:\/\/kapitaenmullebutz.lu\/index.php?rest_route=%2Fwp%2Fv2%2Fmedia&parent=251"}],"curies":[{"name":"wp","href":"https:\/\/api.w.org\/{rel}","templated":true}]}}