{"id":1700,"date":"2023-01-03T15:53:56","date_gmt":"2023-01-03T15:53:56","guid":{"rendered":"http:\/\/kapitaenmullebutz.lu\/?page_id=1700"},"modified":"2023-01-03T16:14:40","modified_gmt":"2023-01-03T16:14:40","slug":"sang-dech-schlau","status":"publish","type":"page","link":"http:\/\/kapitaenmullebutz.lu\/?page_id=1700","title":{"rendered":"Sang D\u00ebch Schlau"},"content":{"rendered":"\n<p><strong>Sang Dech Schlau mam&nbsp;Kapit\u00e4n Mullebutz a senge S\u00e9isswaassermatrousen<\/strong><\/p>\n\n\n\n<p>Eis Lidder maachen d&#8217;Kanner schlau an invit\u00e9ieren fir W\u00ebssenswertes aus der Welt matzesangen.<\/p>\n\n\n\n<p>Hei fannt der e puer Lidder wou der d&#8217;Geschicht vum Schokela h\u00e9iert, d&#8217;L\u00ebtzebuerger Fl\u00ebss ernimmt ginn an vun de Groussen Ozeanen erzielt g\u00ebtt. <\/p>\n\n\n\n<p>Mir w\u00ebnschen vill Freed beim matsangen. <\/p>\n\n\n\n<p><mark style=\"background-color:rgba(0, 0, 0, 0)\" class=\"has-inline-color has-white-color\">.<\/mark><\/p>\n\n\n\n<p><\/p>\n\n\n\n<p> <\/p>\n\n\n\n<h2 class=\"wp-block-heading\">D&#8217;GESCHICHT VUM KAKAO <strong>(-&gt; aus dem Gielen Disk)<\/strong><\/h2>\n\n\n\n<figure class=\"wp-block-audio\"><audio controls src=\"http:\/\/kapitaenmullebutz.lu\/wp-content\/uploads\/2023\/01\/Theobroma-kakao-mix-04-11-2022.wav\"><\/audio><figcaption class=\"wp-element-caption\">THEOBROMA CACAO<\/figcaption><\/figure>\n\n\n\n<div data-wp-interactive=\"core\/file\" class=\"wp-block-file\"><object data-wp-bind--hidden=\"!state.hasPdfPreview\" hidden class=\"wp-block-file__embed\" data=\"http:\/\/kapitaenmullebutz.lu\/wp-content\/uploads\/2023\/01\/MBIII-Theobroma-Cacao.pdf\" type=\"application\/pdf\" style=\"width:100%;height:600px\" aria-label=\"Einbettung von MBIII-Theobroma-Cacao.\"><\/object><a id=\"wp-block-file--media-40dd95df-7f97-4dcd-9860-7b74594b4e9b\" href=\"http:\/\/kapitaenmullebutz.lu\/wp-content\/uploads\/2023\/01\/MBIII-Theobroma-Cacao.pdf\">MBIII-Theobroma-Cacao<\/a><a href=\"http:\/\/kapitaenmullebutz.lu\/wp-content\/uploads\/2023\/01\/MBIII-Theobroma-Cacao.pdf\" class=\"wp-block-file__button wp-element-button\" download aria-describedby=\"wp-block-file--media-40dd95df-7f97-4dcd-9860-7b74594b4e9b\">Herunterladen<\/a><\/div>\n\n\n\n<p><mark style=\"background-color:rgba(0, 0, 0, 0)\" class=\"has-inline-color has-white-color\">.<\/mark><\/p>\n\n\n\n<h2 class=\"wp-block-heading\">WOU D&#8217;UELZECHT DUERECH D&#8217;FIELSE BR\u00e9CHT <strong>(-&gt; aus dem Bloen Disk)<\/strong><\/h2>\n\n\n\n<figure class=\"wp-block-audio\"><audio controls src=\"http:\/\/kapitaenmullebutz.lu\/wp-content\/uploads\/2023\/01\/DE-KAPITAeN-MULLEBUTZ-A-SENG-SEISSWAASSERMATROUSEN-DE-KAPITAeN-MULLEBUTZ-A-SENG-SEISSWAASSERMATROUSEN-SI-WIBBELEG-10-WOU-DUELZECHT-DUERECH-DFIELSE-BRECHT.wav\"><\/audio><figcaption class=\"wp-element-caption\">WOU D&#8217;UELZECHT DUERECH D&#8217;FIELSE BR\u00c9CHT<\/figcaption><\/figure>\n\n\n\n<div data-wp-interactive=\"core\/file\" class=\"wp-block-file\"><object data-wp-bind--hidden=\"!state.hasPdfPreview\" hidden class=\"wp-block-file__embed\" data=\"http:\/\/kapitaenmullebutz.lu\/wp-content\/uploads\/2023\/01\/MB2-Wou-dUelzecht-duerech-dFielse-brecht.-pdf.pdf\" type=\"application\/pdf\" style=\"width:100%;height:600px\" aria-label=\"Einbettung von MB2-Wou-dUelzecht-duerech-dFielse-brecht.-pdf.\"><\/object><a id=\"wp-block-file--media-9d1fceb8-6bce-44ab-9a2c-b2d1319e8221\" href=\"http:\/\/kapitaenmullebutz.lu\/wp-content\/uploads\/2023\/01\/MB2-Wou-dUelzecht-duerech-dFielse-brecht.-pdf.pdf\">MB2-Wou-dUelzecht-duerech-dFielse-brecht.-pdf<\/a><a href=\"http:\/\/kapitaenmullebutz.lu\/wp-content\/uploads\/2023\/01\/MB2-Wou-dUelzecht-duerech-dFielse-brecht.-pdf.pdf\" class=\"wp-block-file__button wp-element-button\" download aria-describedby=\"wp-block-file--media-9d1fceb8-6bce-44ab-9a2c-b2d1319e8221\">Herunterladen<\/a><\/div>\n\n\n\n<p><mark style=\"background-color:rgba(0, 0, 0, 0)\" class=\"has-inline-color has-white-color\">.<\/mark><\/p>\n\n\n\n<p><strong>DE MULLEBUTZ OP S\u00e9I (-&gt; aus dem Rouden Disk)<\/strong><\/p>\n\n\n\n<figure class=\"wp-block-audio\"><audio controls src=\"http:\/\/kapitaenmullebutz.lu\/wp-content\/uploads\/2023\/01\/05-Mullebutz-op-Sei.m4a\"><\/audio><figcaption class=\"wp-element-caption\">MULLEBUTZ OP S\u00e9I<\/figcaption><\/figure>\n\n\n\n<div data-wp-interactive=\"core\/file\" class=\"wp-block-file\"><object data-wp-bind--hidden=\"!state.hasPdfPreview\" hidden class=\"wp-block-file__embed\" data=\"http:\/\/kapitaenmullebutz.lu\/wp-content\/uploads\/2023\/01\/MB1-De-Mullebutz-op-Sei.pdf\" type=\"application\/pdf\" style=\"width:100%;height:600px\" aria-label=\"Einbettung von MB1-De-Mullebutz-op-Sei.\"><\/object><a id=\"wp-block-file--media-8fd18129-cd4a-423c-83c0-2a8e146b2d2d\" href=\"http:\/\/kapitaenmullebutz.lu\/wp-content\/uploads\/2023\/01\/MB1-De-Mullebutz-op-Sei.pdf\">MB1-De-Mullebutz-op-Sei<\/a><a href=\"http:\/\/kapitaenmullebutz.lu\/wp-content\/uploads\/2023\/01\/MB1-De-Mullebutz-op-Sei.pdf\" class=\"wp-block-file__button wp-element-button\" download aria-describedby=\"wp-block-file--media-8fd18129-cd4a-423c-83c0-2a8e146b2d2d\">Herunterladen<\/a><\/div>\n","protected":false},"excerpt":{"rendered":"<p>Sang Dech Schlau mam&nbsp;Kapit\u00e4n Mullebutz a senge S\u00e9isswaassermatrousen Eis Lidder maachen d&#8217;Kanner schlau an invit\u00e9ieren fir W\u00ebssenswertes aus der Welt matzesangen. Hei fannt der e puer Lidder wou der d&#8217;Geschicht vum Schokela h\u00e9iert, d&#8217;L\u00ebtzebuerger Fl\u00ebss ernimmt ginn an vun de &hellip; <a href=\"http:\/\/kapitaenmullebutz.lu\/?page_id=1700\">Weiterlesen <span class=\"meta-nav\">&rarr;<\/span><\/a><\/p>\n","protected":false},"author":1,"featured_media":0,"parent":0,"menu_order":0,"comment_status":"closed","ping_status":"closed","template":"","meta":{"footnotes":""},"class_list":["post-1700","page","type-page","status-publish","hentry"],"_links":{"self":[{"href":"http:\/\/kapitaenmullebutz.lu\/index.php?rest_route=\/wp\/v2\/pages\/1700","targetHints":{"allow":["GET"]}}],"collection":[{"href":"http:\/\/kapitaenmullebutz.lu\/index.php?rest_route=\/wp\/v2\/pages"}],"about":[{"href":"http:\/\/kapitaenmullebutz.lu\/index.php?rest_route=\/wp\/v2\/types\/page"}],"author":[{"embeddable":true,"href":"http:\/\/kapitaenmullebutz.lu\/index.php?rest_route=\/wp\/v2\/users\/1"}],"replies":[{"embeddable":true,"href":"http:\/\/kapitaenmullebutz.lu\/index.php?rest_route=%2Fwp%2Fv2%2Fcomments&post=1700"}],"version-history":[{"count":7,"href":"http:\/\/kapitaenmullebutz.lu\/index.php?rest_route=\/wp\/v2\/pages\/1700\/revisions"}],"predecessor-version":[{"id":1716,"href":"http:\/\/kapitaenmullebutz.lu\/index.php?rest_route=\/wp\/v2\/pages\/1700\/revisions\/1716"}],"wp:attachment":[{"href":"http:\/\/kapitaenmullebutz.lu\/index.php?rest_route=%2Fwp%2Fv2%2Fmedia&parent=1700"}],"curies":[{"name":"wp","href":"https:\/\/api.w.org\/{rel}","templated":true}]}}