{"id":152,"date":"2015-05-11T21:49:26","date_gmt":"2015-05-11T21:49:26","guid":{"rendered":"http:\/\/kapitaenmullebutz.lu\/?page_id=152"},"modified":"2015-12-15T20:52:02","modified_gmt":"2015-12-15T20:52:02","slug":"videoteaser","status":"publish","type":"page","link":"http:\/\/kapitaenmullebutz.lu\/?page_id=152","title":{"rendered":"Kontakt"},"content":{"rendered":"<p>De Kapit\u00e4n Mullebutz a Seng S\u00e9isswaassermatrousen trieden och g\u00e4eren op \u00e4erem Fest op. G\u00e4re sch\u00e9cken mir Iech Informatiounen, di techn\u00ebsch Bedingungen an d&#8217;Tariffer.<\/p>\n<p>Et ganz einfach mat eis Kontakt opzehuelen. Am beschten geet dat wann der eis eng mail sch\u00e9ckt oder eis urufft. Mir fr\u00e9e\u00ebn eis!<\/p>\n<p>Booking: Arend Herold (Soundabout s.\u00e0 r.l.)<\/p>\n<p>Mail: <a href=\"mailto:info@soundabout.lu\">info@soundabout.lu<\/a><\/p>\n<p>T. +352 27 32 51 27<\/p>\n","protected":false},"excerpt":{"rendered":"<p>De Kapit\u00e4n Mullebutz a Seng S\u00e9isswaassermatrousen trieden och g\u00e4eren op \u00e4erem Fest op. G\u00e4re sch\u00e9cken mir Iech Informatiounen, di techn\u00ebsch Bedingungen an d&#8217;Tariffer. Et ganz einfach mat eis Kontakt opzehuelen. Am beschten geet dat wann der eis eng mail sch\u00e9ckt &hellip; <a href=\"http:\/\/kapitaenmullebutz.lu\/?page_id=152\">Weiterlesen <span class=\"meta-nav\">&rarr;<\/span><\/a><\/p>\n","protected":false},"author":1,"featured_media":0,"parent":0,"menu_order":0,"comment_status":"closed","ping_status":"closed","template":"","meta":{"footnotes":""},"class_list":["post-152","page","type-page","status-publish","hentry"],"_links":{"self":[{"href":"http:\/\/kapitaenmullebutz.lu\/index.php?rest_route=\/wp\/v2\/pages\/152","targetHints":{"allow":["GET"]}}],"collection":[{"href":"http:\/\/kapitaenmullebutz.lu\/index.php?rest_route=\/wp\/v2\/pages"}],"about":[{"href":"http:\/\/kapitaenmullebutz.lu\/index.php?rest_route=\/wp\/v2\/types\/page"}],"author":[{"embeddable":true,"href":"http:\/\/kapitaenmullebutz.lu\/index.php?rest_route=\/wp\/v2\/users\/1"}],"replies":[{"embeddable":true,"href":"http:\/\/kapitaenmullebutz.lu\/index.php?rest_route=%2Fwp%2Fv2%2Fcomments&post=152"}],"version-history":[{"count":10,"href":"http:\/\/kapitaenmullebutz.lu\/index.php?rest_route=\/wp\/v2\/pages\/152\/revisions"}],"predecessor-version":[{"id":315,"href":"http:\/\/kapitaenmullebutz.lu\/index.php?rest_route=\/wp\/v2\/pages\/152\/revisions\/315"}],"wp:attachment":[{"href":"http:\/\/kapitaenmullebutz.lu\/index.php?rest_route=%2Fwp%2Fv2%2Fmedia&parent=152"}],"curies":[{"name":"wp","href":"https:\/\/api.w.org\/{rel}","templated":true}]}}